{"id":1007,"date":"2024-04-16T11:47:10","date_gmt":"2024-04-16T09:47:10","guid":{"rendered":"https:\/\/kissandfly.fr\/contact\/"},"modified":"2024-06-12T17:33:59","modified_gmt":"2024-06-12T15:33:59","slug":"contact","status":"publish","type":"page","link":"https:\/\/kissandfly.fr\/en\/contact\/","title":{"rendered":"Contact"},"content":{"rendered":"<p>Vous pouvez prendre contact avec nous via ce formulaire. Que ce soit pour r\u00e9server une visite, demander des informations suppl\u00e9mentaires sur nos collections, ou discuter de collaborations potentielles, remplissez simplement le formulaire avec vos coordonn\u00e9es et vos requ\u00eates. Notre \u00e9quipe s&#8217;engage \u00e0 vous r\u00e9pondre dans les plus brefs d\u00e9lais pour satisfaire toutes vos demandes.<\/p>\n","protected":false},"excerpt":{"rendered":"<p>Vous pouvez prendre contact avec nous via ce formulaire. Que ce soit pour r\u00e9server une visite, demander des informations suppl\u00e9mentaires sur nos collections, ou discuter de collaborations potentielles, remplissez simplement le formulaire avec vos coordonn\u00e9es et vos requ\u00eates. Notre \u00e9quipe s&#8217;engage \u00e0 vous r\u00e9pondre dans les plus brefs d\u00e9lais pour satisfaire toutes vos demandes.<\/p>\n","protected":false},"author":1,"featured_media":0,"parent":0,"menu_order":0,"comment_status":"closed","ping_status":"closed","template":"contact.php","meta":{"_acf_changed":false,"footnotes":""},"class_list":["post-1007","page","type-page","status-publish","hentry"],"acf":[],"yoast_head":"<!-- This site is optimized with the Yoast SEO plugin v27.4 - https:\/\/yoast.com\/product\/yoast-seo-wordpress\/ -->\n<title>Contact &#8212; Kiss&amp;Fly<\/title>\n<meta name=\"description\" content=\"Vous pouvez prendre contact avec nous via ce formulaire. Que ce soit pour r\u00e9server une visite, demander des informations suppl\u00e9mentaires sur nos\" \/>\n<meta name=\"robots\" content=\"index, follow, max-snippet:-1, max-image-preview:large, max-video-preview:-1\" \/>\n<link rel=\"canonical\" href=\"https:\/\/kissandfly.fr\/en\/contact\/\" \/>\n<meta property=\"og:locale\" content=\"en_US\" \/>\n<meta property=\"og:type\" content=\"article\" \/>\n<meta property=\"og:title\" content=\"Contact &#8212; Kiss&amp;Fly\" \/>\n<meta property=\"og:description\" content=\"Vous pouvez prendre contact avec nous via ce formulaire. Que ce soit pour r\u00e9server une visite, demander des informations suppl\u00e9mentaires sur nos\" \/>\n<meta property=\"og:url\" content=\"https:\/\/kissandfly.fr\/en\/contact\/\" \/>\n<meta property=\"og:site_name\" content=\"Kiss&amp;Fly\" \/>\n<meta property=\"article:modified_time\" content=\"2024-06-12T15:33:59+00:00\" \/>\n<meta name=\"twitter:card\" content=\"summary_large_image\" \/>\n<meta name=\"twitter:label1\" content=\"Est. reading time\" \/>\n\t<meta name=\"twitter:data1\" content=\"1 minute\" \/>\n<script type=\"application\/ld+json\" class=\"yoast-schema-graph\">{\"@context\":\"https:\\\/\\\/schema.org\",\"@graph\":[{\"@type\":\"WebPage\",\"@id\":\"https:\\\/\\\/kissandfly.fr\\\/en\\\/contact\\\/\",\"url\":\"https:\\\/\\\/kissandfly.fr\\\/en\\\/contact\\\/\",\"name\":\"Contact &#8212; Kiss&amp;Fly\",\"isPartOf\":{\"@id\":\"https:\\\/\\\/kissandfly.fr\\\/en\\\/#website\"},\"datePublished\":\"2024-04-16T09:47:10+00:00\",\"dateModified\":\"2024-06-12T15:33:59+00:00\",\"description\":\"Vous pouvez prendre contact avec nous via ce formulaire. Que ce soit pour r\u00e9server une visite, demander des informations suppl\u00e9mentaires sur nos\",\"inLanguage\":\"en-US\",\"potentialAction\":[{\"@type\":\"ReadAction\",\"target\":[\"https:\\\/\\\/kissandfly.fr\\\/en\\\/contact\\\/\"]}]},{\"@type\":\"WebSite\",\"@id\":\"https:\\\/\\\/kissandfly.fr\\\/en\\\/#website\",\"url\":\"https:\\\/\\\/kissandfly.fr\\\/en\\\/\",\"name\":\"Kiss&amp;Fly\",\"description\":\"KISS&amp;FLY est un showroom multimarque d\u00e9di\u00e9 \u00e0 la \\u2028mode depuis 2008. Attentif aux \u00e9volutions du march\u00e9, des tendances, KISS&amp;FLY d\u00e9couvre de nouveaux talents.\",\"potentialAction\":[{\"@type\":\"SearchAction\",\"target\":{\"@type\":\"EntryPoint\",\"urlTemplate\":\"https:\\\/\\\/kissandfly.fr\\\/en\\\/?s={search_term_string}\"},\"query-input\":{\"@type\":\"PropertyValueSpecification\",\"valueRequired\":true,\"valueName\":\"search_term_string\"}}],\"inLanguage\":\"en-US\"}]}<\/script>\n<!-- \/ Yoast SEO plugin. -->","yoast_head_json":{"title":"Contact &#8212; Kiss&amp;Fly","description":"Vous pouvez prendre contact avec nous via ce formulaire. Que ce soit pour r\u00e9server une visite, demander des informations suppl\u00e9mentaires sur nos","robots":{"index":"index","follow":"follow","max-snippet":"max-snippet:-1","max-image-preview":"max-image-preview:large","max-video-preview":"max-video-preview:-1"},"canonical":"https:\/\/kissandfly.fr\/en\/contact\/","og_locale":"en_US","og_type":"article","og_title":"Contact &#8212; Kiss&amp;Fly","og_description":"Vous pouvez prendre contact avec nous via ce formulaire. Que ce soit pour r\u00e9server une visite, demander des informations suppl\u00e9mentaires sur nos","og_url":"https:\/\/kissandfly.fr\/en\/contact\/","og_site_name":"Kiss&amp;Fly","article_modified_time":"2024-06-12T15:33:59+00:00","twitter_card":"summary_large_image","twitter_misc":{"Est. reading time":"1 minute"},"schema":{"@context":"https:\/\/schema.org","@graph":[{"@type":"WebPage","@id":"https:\/\/kissandfly.fr\/en\/contact\/","url":"https:\/\/kissandfly.fr\/en\/contact\/","name":"Contact &#8212; Kiss&amp;Fly","isPartOf":{"@id":"https:\/\/kissandfly.fr\/en\/#website"},"datePublished":"2024-04-16T09:47:10+00:00","dateModified":"2024-06-12T15:33:59+00:00","description":"Vous pouvez prendre contact avec nous via ce formulaire. Que ce soit pour r\u00e9server une visite, demander des informations suppl\u00e9mentaires sur nos","inLanguage":"en-US","potentialAction":[{"@type":"ReadAction","target":["https:\/\/kissandfly.fr\/en\/contact\/"]}]},{"@type":"WebSite","@id":"https:\/\/kissandfly.fr\/en\/#website","url":"https:\/\/kissandfly.fr\/en\/","name":"Kiss&amp;Fly","description":"KISS&amp;FLY est un showroom multimarque d\u00e9di\u00e9 \u00e0 la \u2028mode depuis 2008. Attentif aux \u00e9volutions du march\u00e9, des tendances, KISS&amp;FLY d\u00e9couvre de nouveaux talents.","potentialAction":[{"@type":"SearchAction","target":{"@type":"EntryPoint","urlTemplate":"https:\/\/kissandfly.fr\/en\/?s={search_term_string}"},"query-input":{"@type":"PropertyValueSpecification","valueRequired":true,"valueName":"search_term_string"}}],"inLanguage":"en-US"}]}},"_links":{"self":[{"href":"https:\/\/kissandfly.fr\/en\/wp-json\/wp\/v2\/pages\/1007","targetHints":{"allow":["GET"]}}],"collection":[{"href":"https:\/\/kissandfly.fr\/en\/wp-json\/wp\/v2\/pages"}],"about":[{"href":"https:\/\/kissandfly.fr\/en\/wp-json\/wp\/v2\/types\/page"}],"author":[{"embeddable":true,"href":"https:\/\/kissandfly.fr\/en\/wp-json\/wp\/v2\/users\/1"}],"replies":[{"embeddable":true,"href":"https:\/\/kissandfly.fr\/en\/wp-json\/wp\/v2\/comments?post=1007"}],"version-history":[{"count":1,"href":"https:\/\/kissandfly.fr\/en\/wp-json\/wp\/v2\/pages\/1007\/revisions"}],"predecessor-version":[{"id":1008,"href":"https:\/\/kissandfly.fr\/en\/wp-json\/wp\/v2\/pages\/1007\/revisions\/1008"}],"wp:attachment":[{"href":"https:\/\/kissandfly.fr\/en\/wp-json\/wp\/v2\/media?parent=1007"}],"curies":[{"name":"wp","href":"https:\/\/api.w.org\/{rel}","templated":true}]}}