{"id":860,"date":"2024-04-07T21:46:37","date_gmt":"2024-04-07T19:46:37","guid":{"rendered":"https:\/\/kissandfly.fr\/brands\/"},"modified":"2024-06-11T16:30:46","modified_gmt":"2024-06-11T14:30:46","slug":"brands","status":"publish","type":"page","link":"https:\/\/kissandfly.fr\/en\/brands\/","title":{"rendered":"Brands"},"content":{"rendered":"","protected":false},"excerpt":{"rendered":"","protected":false},"author":1,"featured_media":0,"parent":0,"menu_order":0,"comment_status":"closed","ping_status":"closed","template":"brands.php","meta":{"_acf_changed":false,"footnotes":""},"class_list":["post-860","page","type-page","status-publish","hentry"],"acf":[],"yoast_head":"<!-- This site is optimized with the Yoast SEO plugin v27.4 - https:\/\/yoast.com\/product\/yoast-seo-wordpress\/ -->\n<title>Brands &#8212; Kiss&amp;Fly<\/title>\n<meta name=\"robots\" content=\"index, follow, max-snippet:-1, max-image-preview:large, max-video-preview:-1\" \/>\n<link rel=\"canonical\" href=\"https:\/\/kissandfly.fr\/en\/brands\/\" \/>\n<meta property=\"og:locale\" content=\"en_US\" \/>\n<meta property=\"og:type\" content=\"article\" \/>\n<meta property=\"og:title\" content=\"Brands &#8212; Kiss&amp;Fly\" \/>\n<meta property=\"og:url\" content=\"https:\/\/kissandfly.fr\/en\/brands\/\" \/>\n<meta property=\"og:site_name\" content=\"Kiss&amp;Fly\" \/>\n<meta property=\"article:modified_time\" content=\"2024-06-11T14:30:46+00:00\" \/>\n<meta name=\"twitter:card\" content=\"summary_large_image\" \/>\n<script type=\"application\/ld+json\" class=\"yoast-schema-graph\">{\"@context\":\"https:\\\/\\\/schema.org\",\"@graph\":[{\"@type\":\"WebPage\",\"@id\":\"https:\\\/\\\/kissandfly.fr\\\/en\\\/brands\\\/\",\"url\":\"https:\\\/\\\/kissandfly.fr\\\/en\\\/brands\\\/\",\"name\":\"Brands &#8212; Kiss&amp;Fly\",\"isPartOf\":{\"@id\":\"https:\\\/\\\/kissandfly.fr\\\/en\\\/#website\"},\"datePublished\":\"2024-04-07T19:46:37+00:00\",\"dateModified\":\"2024-06-11T14:30:46+00:00\",\"inLanguage\":\"en-US\",\"potentialAction\":[{\"@type\":\"ReadAction\",\"target\":[\"https:\\\/\\\/kissandfly.fr\\\/en\\\/brands\\\/\"]}]},{\"@type\":\"WebSite\",\"@id\":\"https:\\\/\\\/kissandfly.fr\\\/en\\\/#website\",\"url\":\"https:\\\/\\\/kissandfly.fr\\\/en\\\/\",\"name\":\"Kiss&amp;Fly\",\"description\":\"KISS&amp;FLY est un showroom multimarque d\u00e9di\u00e9 \u00e0 la \\u2028mode depuis 2008. Attentif aux \u00e9volutions du march\u00e9, des tendances, KISS&amp;FLY d\u00e9couvre de nouveaux talents.\",\"potentialAction\":[{\"@type\":\"SearchAction\",\"target\":{\"@type\":\"EntryPoint\",\"urlTemplate\":\"https:\\\/\\\/kissandfly.fr\\\/en\\\/?s={search_term_string}\"},\"query-input\":{\"@type\":\"PropertyValueSpecification\",\"valueRequired\":true,\"valueName\":\"search_term_string\"}}],\"inLanguage\":\"en-US\"}]}<\/script>\n<!-- \/ Yoast SEO plugin. -->","yoast_head_json":{"title":"Brands &#8212; Kiss&amp;Fly","robots":{"index":"index","follow":"follow","max-snippet":"max-snippet:-1","max-image-preview":"max-image-preview:large","max-video-preview":"max-video-preview:-1"},"canonical":"https:\/\/kissandfly.fr\/en\/brands\/","og_locale":"en_US","og_type":"article","og_title":"Brands &#8212; Kiss&amp;Fly","og_url":"https:\/\/kissandfly.fr\/en\/brands\/","og_site_name":"Kiss&amp;Fly","article_modified_time":"2024-06-11T14:30:46+00:00","twitter_card":"summary_large_image","schema":{"@context":"https:\/\/schema.org","@graph":[{"@type":"WebPage","@id":"https:\/\/kissandfly.fr\/en\/brands\/","url":"https:\/\/kissandfly.fr\/en\/brands\/","name":"Brands &#8212; Kiss&amp;Fly","isPartOf":{"@id":"https:\/\/kissandfly.fr\/en\/#website"},"datePublished":"2024-04-07T19:46:37+00:00","dateModified":"2024-06-11T14:30:46+00:00","inLanguage":"en-US","potentialAction":[{"@type":"ReadAction","target":["https:\/\/kissandfly.fr\/en\/brands\/"]}]},{"@type":"WebSite","@id":"https:\/\/kissandfly.fr\/en\/#website","url":"https:\/\/kissandfly.fr\/en\/","name":"Kiss&amp;Fly","description":"KISS&amp;FLY est un showroom multimarque d\u00e9di\u00e9 \u00e0 la \u2028mode depuis 2008. Attentif aux \u00e9volutions du march\u00e9, des tendances, KISS&amp;FLY d\u00e9couvre de nouveaux talents.","potentialAction":[{"@type":"SearchAction","target":{"@type":"EntryPoint","urlTemplate":"https:\/\/kissandfly.fr\/en\/?s={search_term_string}"},"query-input":{"@type":"PropertyValueSpecification","valueRequired":true,"valueName":"search_term_string"}}],"inLanguage":"en-US"}]}},"_links":{"self":[{"href":"https:\/\/kissandfly.fr\/en\/wp-json\/wp\/v2\/pages\/860","targetHints":{"allow":["GET"]}}],"collection":[{"href":"https:\/\/kissandfly.fr\/en\/wp-json\/wp\/v2\/pages"}],"about":[{"href":"https:\/\/kissandfly.fr\/en\/wp-json\/wp\/v2\/types\/page"}],"author":[{"embeddable":true,"href":"https:\/\/kissandfly.fr\/en\/wp-json\/wp\/v2\/users\/1"}],"replies":[{"embeddable":true,"href":"https:\/\/kissandfly.fr\/en\/wp-json\/wp\/v2\/comments?post=860"}],"version-history":[{"count":1,"href":"https:\/\/kissandfly.fr\/en\/wp-json\/wp\/v2\/pages\/860\/revisions"}],"predecessor-version":[{"id":861,"href":"https:\/\/kissandfly.fr\/en\/wp-json\/wp\/v2\/pages\/860\/revisions\/861"}],"wp:attachment":[{"href":"https:\/\/kissandfly.fr\/en\/wp-json\/wp\/v2\/media?parent=860"}],"curies":[{"name":"wp","href":"https:\/\/api.w.org\/{rel}","templated":true}]}}