{"id":864,"date":"2024-04-16T09:51:44","date_gmt":"2024-04-16T07:51:44","guid":{"rendered":"https:\/\/kissandfly.fr\/?page_id=864"},"modified":"2024-06-12T12:00:12","modified_gmt":"2024-06-12T10:00:12","slug":"864-2","status":"publish","type":"page","link":"https:\/\/kissandfly.fr\/en\/864-2\/","title":{"rendered":"Legal Notice"},"content":{"rendered":"<p>In accordance with the provisions of law no. 2004-575 of June 21, 2004 on confidence in the digital economy, users of the Kiss&amp;Fly website are informed of the identity of the various parties involved in its creation and follow-up.<\/p>\n<p>&nbsp;<\/p>\n<p><strong>Site edition<\/strong><\/p>\n<p>The present site, accessible at the URL https:\/\/kissandfly.fr\/ (the \u201cSite\u201d), is published by :<\/p>\n<p>KISS AND FLY, a company with share capital of 40,000 euros, registered with the PARIS Trade and Companies Register under number Paris B 794 076 034, whose head office is located at 22 RUE DE LA ROQUETTE 75011 PARIS, represented by Beno\u00eet BERNARD, duly authorized.<\/p>\n<p>The publisher&#8217;s individual VAT number is: FR70794076034.<\/p>\n<p>&nbsp;<\/p>\n<p><strong>Hosting<\/strong><\/p>\n<p>The Site is hosted by the company one.com, located 57 Rue d&#8217;Amsterdam Paris 75008 France, (telephone contact or email: +4544451220).<\/p>\n<p>&nbsp;<\/p>\n<p><strong>Director of publication<\/strong><\/p>\n<p>The Site&#8217;s Publishing Director is Beno\u00eet BERNARD .<\/p>\n<p>&nbsp;<\/p>\n<p><strong>To contact us<\/strong><\/p>\n<p>By phone : +33680272447<\/p>\n<p>By email : benoit@kissandfly.fr<\/p>\n<p>By post: 22 rue de la Roquette 75011 PARIS<\/p>\n","protected":false},"excerpt":{"rendered":"<p>In accordance with the provisions of law no. 2004-575 of June 21, 2004 on confidence in the digital economy, users of the Kiss&amp;Fly website are informed of the identity of the various parties involved in its creation and follow-up. &nbsp; Site edition The present site, accessible at the URL https:\/\/kissandfly.fr\/ (the \u201cSite\u201d), is published by\u2026<\/p>\n","protected":false},"author":2,"featured_media":0,"parent":0,"menu_order":0,"comment_status":"closed","ping_status":"closed","template":"","meta":{"_acf_changed":false,"footnotes":""},"class_list":["post-864","page","type-page","status-publish","hentry"],"acf":[],"yoast_head":"<!-- This site is optimized with the Yoast SEO plugin v27.4 - https:\/\/yoast.com\/product\/yoast-seo-wordpress\/ -->\n<title>Legal Notice &#8212; Kiss&amp;Fly<\/title>\n<meta name=\"description\" content=\"In accordance with the provisions of law no. 2004-575 of June 21, 2004 on confidence in the digital economy, users of the Kiss&amp;Fly website are\" \/>\n<meta name=\"robots\" content=\"index, follow, max-snippet:-1, max-image-preview:large, max-video-preview:-1\" \/>\n<link rel=\"canonical\" href=\"https:\/\/kissandfly.fr\/en\/864-2\/\" \/>\n<meta property=\"og:locale\" content=\"en_US\" \/>\n<meta property=\"og:type\" content=\"article\" \/>\n<meta property=\"og:title\" content=\"Legal Notice &#8212; Kiss&amp;Fly\" \/>\n<meta property=\"og:description\" content=\"In accordance with the provisions of law no. 2004-575 of June 21, 2004 on confidence in the digital economy, users of the Kiss&amp;Fly website are\" \/>\n<meta property=\"og:url\" content=\"https:\/\/kissandfly.fr\/en\/864-2\/\" \/>\n<meta property=\"og:site_name\" content=\"Kiss&amp;Fly\" \/>\n<meta property=\"article:modified_time\" content=\"2024-06-12T10:00:12+00:00\" \/>\n<meta name=\"twitter:card\" content=\"summary_large_image\" \/>\n<meta name=\"twitter:label1\" content=\"Est. reading time\" \/>\n\t<meta name=\"twitter:data1\" content=\"1 minute\" \/>\n<script type=\"application\/ld+json\" class=\"yoast-schema-graph\">{\"@context\":\"https:\\\/\\\/schema.org\",\"@graph\":[{\"@type\":\"WebPage\",\"@id\":\"https:\\\/\\\/kissandfly.fr\\\/en\\\/864-2\\\/\",\"url\":\"https:\\\/\\\/kissandfly.fr\\\/en\\\/864-2\\\/\",\"name\":\"Legal Notice &#8212; Kiss&amp;Fly\",\"isPartOf\":{\"@id\":\"https:\\\/\\\/kissandfly.fr\\\/en\\\/#website\"},\"datePublished\":\"2024-04-16T07:51:44+00:00\",\"dateModified\":\"2024-06-12T10:00:12+00:00\",\"description\":\"In accordance with the provisions of law no. 2004-575 of June 21, 2004 on confidence in the digital economy, users of the Kiss&amp;Fly website are\",\"inLanguage\":\"en-US\",\"potentialAction\":[{\"@type\":\"ReadAction\",\"target\":[\"https:\\\/\\\/kissandfly.fr\\\/en\\\/864-2\\\/\"]}]},{\"@type\":\"WebSite\",\"@id\":\"https:\\\/\\\/kissandfly.fr\\\/en\\\/#website\",\"url\":\"https:\\\/\\\/kissandfly.fr\\\/en\\\/\",\"name\":\"Kiss&amp;Fly\",\"description\":\"KISS&amp;FLY est un showroom multimarque d\u00e9di\u00e9 \u00e0 la \\u2028mode depuis 2008. Attentif aux \u00e9volutions du march\u00e9, des tendances, KISS&amp;FLY d\u00e9couvre de nouveaux talents.\",\"potentialAction\":[{\"@type\":\"SearchAction\",\"target\":{\"@type\":\"EntryPoint\",\"urlTemplate\":\"https:\\\/\\\/kissandfly.fr\\\/en\\\/?s={search_term_string}\"},\"query-input\":{\"@type\":\"PropertyValueSpecification\",\"valueRequired\":true,\"valueName\":\"search_term_string\"}}],\"inLanguage\":\"en-US\"}]}<\/script>\n<!-- \/ Yoast SEO plugin. -->","yoast_head_json":{"title":"Legal Notice &#8212; Kiss&amp;Fly","description":"In accordance with the provisions of law no. 2004-575 of June 21, 2004 on confidence in the digital economy, users of the Kiss&amp;Fly website are","robots":{"index":"index","follow":"follow","max-snippet":"max-snippet:-1","max-image-preview":"max-image-preview:large","max-video-preview":"max-video-preview:-1"},"canonical":"https:\/\/kissandfly.fr\/en\/864-2\/","og_locale":"en_US","og_type":"article","og_title":"Legal Notice &#8212; Kiss&amp;Fly","og_description":"In accordance with the provisions of law no. 2004-575 of June 21, 2004 on confidence in the digital economy, users of the Kiss&amp;Fly website are","og_url":"https:\/\/kissandfly.fr\/en\/864-2\/","og_site_name":"Kiss&amp;Fly","article_modified_time":"2024-06-12T10:00:12+00:00","twitter_card":"summary_large_image","twitter_misc":{"Est. reading time":"1 minute"},"schema":{"@context":"https:\/\/schema.org","@graph":[{"@type":"WebPage","@id":"https:\/\/kissandfly.fr\/en\/864-2\/","url":"https:\/\/kissandfly.fr\/en\/864-2\/","name":"Legal Notice &#8212; Kiss&amp;Fly","isPartOf":{"@id":"https:\/\/kissandfly.fr\/en\/#website"},"datePublished":"2024-04-16T07:51:44+00:00","dateModified":"2024-06-12T10:00:12+00:00","description":"In accordance with the provisions of law no. 2004-575 of June 21, 2004 on confidence in the digital economy, users of the Kiss&amp;Fly website are","inLanguage":"en-US","potentialAction":[{"@type":"ReadAction","target":["https:\/\/kissandfly.fr\/en\/864-2\/"]}]},{"@type":"WebSite","@id":"https:\/\/kissandfly.fr\/en\/#website","url":"https:\/\/kissandfly.fr\/en\/","name":"Kiss&amp;Fly","description":"KISS&amp;FLY est un showroom multimarque d\u00e9di\u00e9 \u00e0 la \u2028mode depuis 2008. Attentif aux \u00e9volutions du march\u00e9, des tendances, KISS&amp;FLY d\u00e9couvre de nouveaux talents.","potentialAction":[{"@type":"SearchAction","target":{"@type":"EntryPoint","urlTemplate":"https:\/\/kissandfly.fr\/en\/?s={search_term_string}"},"query-input":{"@type":"PropertyValueSpecification","valueRequired":true,"valueName":"search_term_string"}}],"inLanguage":"en-US"}]}},"_links":{"self":[{"href":"https:\/\/kissandfly.fr\/en\/wp-json\/wp\/v2\/pages\/864","targetHints":{"allow":["GET"]}}],"collection":[{"href":"https:\/\/kissandfly.fr\/en\/wp-json\/wp\/v2\/pages"}],"about":[{"href":"https:\/\/kissandfly.fr\/en\/wp-json\/wp\/v2\/types\/page"}],"author":[{"embeddable":true,"href":"https:\/\/kissandfly.fr\/en\/wp-json\/wp\/v2\/users\/2"}],"replies":[{"embeddable":true,"href":"https:\/\/kissandfly.fr\/en\/wp-json\/wp\/v2\/comments?post=864"}],"version-history":[{"count":2,"href":"https:\/\/kissandfly.fr\/en\/wp-json\/wp\/v2\/pages\/864\/revisions"}],"predecessor-version":[{"id":866,"href":"https:\/\/kissandfly.fr\/en\/wp-json\/wp\/v2\/pages\/864\/revisions\/866"}],"wp:attachment":[{"href":"https:\/\/kissandfly.fr\/en\/wp-json\/wp\/v2\/media?parent=864"}],"curies":[{"name":"wp","href":"https:\/\/api.w.org\/{rel}","templated":true}]}}