{"id":871,"date":"2024-04-16T10:58:31","date_gmt":"2024-04-16T08:58:31","guid":{"rendered":"https:\/\/kissandfly.fr\/?page_id=871"},"modified":"2024-06-12T12:20:50","modified_gmt":"2024-06-12T10:20:50","slug":"about","status":"publish","type":"page","link":"https:\/\/kissandfly.fr\/en\/about\/","title":{"rendered":"About"},"content":{"rendered":"","protected":false},"excerpt":{"rendered":"","protected":false},"author":2,"featured_media":0,"parent":0,"menu_order":0,"comment_status":"closed","ping_status":"closed","template":"about.php","meta":{"_acf_changed":false,"footnotes":""},"class_list":["post-871","page","type-page","status-publish","hentry"],"acf":[],"yoast_head":"<!-- This site is optimized with the Yoast SEO plugin v27.4 - https:\/\/yoast.com\/product\/yoast-seo-wordpress\/ -->\n<title>About &#8212; Kiss&amp;Fly<\/title>\n<meta name=\"robots\" content=\"index, follow, max-snippet:-1, max-image-preview:large, max-video-preview:-1\" \/>\n<link rel=\"canonical\" href=\"https:\/\/kissandfly.fr\/en\/about\/\" \/>\n<meta property=\"og:locale\" content=\"en_US\" \/>\n<meta property=\"og:type\" content=\"article\" \/>\n<meta property=\"og:title\" content=\"About &#8212; Kiss&amp;Fly\" \/>\n<meta property=\"og:url\" content=\"https:\/\/kissandfly.fr\/en\/about\/\" \/>\n<meta property=\"og:site_name\" content=\"Kiss&amp;Fly\" \/>\n<meta property=\"article:modified_time\" content=\"2024-06-12T10:20:50+00:00\" \/>\n<meta name=\"twitter:card\" content=\"summary_large_image\" \/>\n<script type=\"application\/ld+json\" class=\"yoast-schema-graph\">{\"@context\":\"https:\\\/\\\/schema.org\",\"@graph\":[{\"@type\":\"WebPage\",\"@id\":\"https:\\\/\\\/kissandfly.fr\\\/en\\\/about\\\/\",\"url\":\"https:\\\/\\\/kissandfly.fr\\\/en\\\/about\\\/\",\"name\":\"About &#8212; Kiss&amp;Fly\",\"isPartOf\":{\"@id\":\"https:\\\/\\\/kissandfly.fr\\\/en\\\/#website\"},\"datePublished\":\"2024-04-16T08:58:31+00:00\",\"dateModified\":\"2024-06-12T10:20:50+00:00\",\"inLanguage\":\"en-US\",\"potentialAction\":[{\"@type\":\"ReadAction\",\"target\":[\"https:\\\/\\\/kissandfly.fr\\\/en\\\/about\\\/\"]}]},{\"@type\":\"WebSite\",\"@id\":\"https:\\\/\\\/kissandfly.fr\\\/en\\\/#website\",\"url\":\"https:\\\/\\\/kissandfly.fr\\\/en\\\/\",\"name\":\"Kiss&amp;Fly\",\"description\":\"KISS&amp;FLY est un showroom multimarque d\u00e9di\u00e9 \u00e0 la \\u2028mode depuis 2008. Attentif aux \u00e9volutions du march\u00e9, des tendances, KISS&amp;FLY d\u00e9couvre de nouveaux talents.\",\"potentialAction\":[{\"@type\":\"SearchAction\",\"target\":{\"@type\":\"EntryPoint\",\"urlTemplate\":\"https:\\\/\\\/kissandfly.fr\\\/en\\\/?s={search_term_string}\"},\"query-input\":{\"@type\":\"PropertyValueSpecification\",\"valueRequired\":true,\"valueName\":\"search_term_string\"}}],\"inLanguage\":\"en-US\"}]}<\/script>\n<!-- \/ Yoast SEO plugin. -->","yoast_head_json":{"title":"About &#8212; Kiss&amp;Fly","robots":{"index":"index","follow":"follow","max-snippet":"max-snippet:-1","max-image-preview":"max-image-preview:large","max-video-preview":"max-video-preview:-1"},"canonical":"https:\/\/kissandfly.fr\/en\/about\/","og_locale":"en_US","og_type":"article","og_title":"About &#8212; Kiss&amp;Fly","og_url":"https:\/\/kissandfly.fr\/en\/about\/","og_site_name":"Kiss&amp;Fly","article_modified_time":"2024-06-12T10:20:50+00:00","twitter_card":"summary_large_image","schema":{"@context":"https:\/\/schema.org","@graph":[{"@type":"WebPage","@id":"https:\/\/kissandfly.fr\/en\/about\/","url":"https:\/\/kissandfly.fr\/en\/about\/","name":"About &#8212; Kiss&amp;Fly","isPartOf":{"@id":"https:\/\/kissandfly.fr\/en\/#website"},"datePublished":"2024-04-16T08:58:31+00:00","dateModified":"2024-06-12T10:20:50+00:00","inLanguage":"en-US","potentialAction":[{"@type":"ReadAction","target":["https:\/\/kissandfly.fr\/en\/about\/"]}]},{"@type":"WebSite","@id":"https:\/\/kissandfly.fr\/en\/#website","url":"https:\/\/kissandfly.fr\/en\/","name":"Kiss&amp;Fly","description":"KISS&amp;FLY est un showroom multimarque d\u00e9di\u00e9 \u00e0 la \u2028mode depuis 2008. Attentif aux \u00e9volutions du march\u00e9, des tendances, KISS&amp;FLY d\u00e9couvre de nouveaux talents.","potentialAction":[{"@type":"SearchAction","target":{"@type":"EntryPoint","urlTemplate":"https:\/\/kissandfly.fr\/en\/?s={search_term_string}"},"query-input":{"@type":"PropertyValueSpecification","valueRequired":true,"valueName":"search_term_string"}}],"inLanguage":"en-US"}]}},"_links":{"self":[{"href":"https:\/\/kissandfly.fr\/en\/wp-json\/wp\/v2\/pages\/871","targetHints":{"allow":["GET"]}}],"collection":[{"href":"https:\/\/kissandfly.fr\/en\/wp-json\/wp\/v2\/pages"}],"about":[{"href":"https:\/\/kissandfly.fr\/en\/wp-json\/wp\/v2\/types\/page"}],"author":[{"embeddable":true,"href":"https:\/\/kissandfly.fr\/en\/wp-json\/wp\/v2\/users\/2"}],"replies":[{"embeddable":true,"href":"https:\/\/kissandfly.fr\/en\/wp-json\/wp\/v2\/comments?post=871"}],"version-history":[{"count":2,"href":"https:\/\/kissandfly.fr\/en\/wp-json\/wp\/v2\/pages\/871\/revisions"}],"predecessor-version":[{"id":873,"href":"https:\/\/kissandfly.fr\/en\/wp-json\/wp\/v2\/pages\/871\/revisions\/873"}],"wp:attachment":[{"href":"https:\/\/kissandfly.fr\/en\/wp-json\/wp\/v2\/media?parent=871"}],"curies":[{"name":"wp","href":"https:\/\/api.w.org\/{rel}","templated":true}]}}